{"id":183,"date":"2020-06-23T10:59:25","date_gmt":"2020-06-23T08:59:25","guid":{"rendered":"http:\/\/laurag.de\/?page_id=183"},"modified":"2022-02-18T11:15:26","modified_gmt":"2022-02-18T10:15:26","slug":"disclaimer-nutzungsbedingungen","status":"publish","type":"page","link":"https:\/\/laurag.de\/startseite\/disclaimer-nutzungsbedingungen\/","title":{"rendered":"Disclaimer &#038; Nutzungsbedingungen"},"content":{"rendered":"\n<p><strong>Disclaimer &amp; Nutzungsbedingungen<\/strong><\/p>\n\n\n\n<p>Alle Informationen, die Sie auf den zu dieser Homepage geh\u00f6renden Webseiten vorfinden, wurden von der Lausitzer regenerative Energien Aktiengesellschaft sorgf\u00e4ltig zusammengestellt und verstehen sich ausdr\u00fccklich als unverbindlich. In Hinblick auf etwaige Ergebnisse, die durch die Nutzung dieser Informationen erzielt werden k\u00f6nnen, insbesondere in Bezug auf die Richtigkeit, Aktualit\u00e4t und Vollst\u00e4ndigkeit aber auch daf\u00fcr, dass die Qualit\u00e4t der gegenst\u00e4ndlichen Informationen Ihren W\u00fcnschen und Anforderungen entspricht, \u00fcbernimmt die Lausitzer regenerative Energien Aktiengesellschaft explizit keine Gew\u00e4hrleistung. Haftungsanspr\u00fcche gegen die Lausitzer regenerative Energien Aktiengesellschaft, welche sich auf Sch\u00e4den materieller oder ideeller Art beziehen, die durch die Nutzung oder auch Nichtnutzung der dargebotenen Informationen bzw. durch die Nutzung fehlerhafter und unvollst\u00e4ndiger Informationen verursacht wurden oder werden sollten, sind grunds\u00e4tzlich ausgeschlossen, sofern seitens des Autors kein nachweislich grob fahrl\u00e4ssiges oder vors\u00e4tzliches Verschulden vorliegt.<\/p>\n\n\n\n<p>Die Webseiten der Lausitzer regenerative Energien Aktiengesellschaft enthalten ggf. Links zu Webseiten, die von Dritten betrieben werden. Bei direkten oder indirekten Verweisen auf fremde Internetseiten (\u201eLinks\u201c), die au\u00dferhalb des Verantwortungsbereiches der Lausitzer regenerative Energien Aktiengesellschaft liegen, w\u00fcrde eine Haftungsverpflichtung ausschlie\u00dflich in dem Fall in Kraft treten, in dem die Lausitzer regenerative Energien Aktiengesellschaft von den gegenst\u00e4ndlichen Inhalten tats\u00e4chlich Kenntnis hat und es ihr nachweislich technisch m\u00f6glich und zumutbar w\u00e4re bzw. ist, die Nutzung im Falle rechtswidriger Inhalte direkt und ohne Umschweife zu verhindern. Die Lausitzer regenerative Energien Aktiengesellschaft erkl\u00e4rt hiermit ausdr\u00fccklich, dass zum Zeitpunkt der Linksetzung keine illegalen Inhalte auf den zu verlinkenden Seiten erkennbar waren. Auf die aktuelle und zuk\u00fcnftige Gestaltung, etwa die Inhalte oder die Urheberschaft der gelinkten\/verkn\u00fcpften Seiten betreffend, hat die Lausitzer regenerative Energien Aktiengesellschaft keinerlei Einfluss. Deshalb distanziert sie sich bereits hiermit ausdr\u00fccklich von allen Inhalten uneingeschr\u00e4nkt aller gelinkten\/verkn\u00fcpften Internetseiten, die nach der Linksetzung ver\u00e4ndert werden sollten bzw. wurden. Diese rechtlich erhebliche Erkl\u00e4rung gilt f\u00fcr uneingeschr\u00e4nkt alle innerhalb des eigenen Internetangebotes gesetzten Links und Verweise sowie f\u00fcr etwaige Fremdeintr\u00e4ge in ggf. von der Lausitzer regenerative Energien Aktiengesellschaft eingerichteten oder noch einzurichtenden G\u00e4steb\u00fcchern, Diskussionsforen und Mailinglisten. F\u00fcr illegale, fehlerhafte oder unvollst\u00e4ndige Inhalte und Sch\u00e4den jedweder Art, die aus der Nutzung oder Nichtnutzung solcherart dargebotener Informationen entstehen, haftet allein der Anbieter derjenigen Seite, auf welche durch Verlinkung verwiesen wurde, ausdr\u00fccklich nicht jedoch derjenige, der, wie die Lausitzer regenerative Energien Aktiengesellschaft, \u00fcber Links lediglich auf die jeweilige Ver\u00f6ffentlichung verweist.<\/p>\n\n\n\n<p>Die Lausitzer regenerative Energien Aktiengesellschaft ist grunds\u00e4tzlich bestrebt, in Bezug auf alle Publikationen die Urheberrechte in Hinblick z.B. auf verwendeten Grafiken, Tondokumente, Videosequenzen und Texte zu beachten und m\u00f6glichst von ihr selbst erstellte Grafiken, Tondokumente, Videosequenzen und Texte zu nutzen oder auf lizenzfreie Grafiken, Tondokumente, Videosequenzen und Texte abzustellen respektive zur\u00fcckzugreifen. Uneingeschr\u00e4nkt alle etwa innerhalb des Internetangebotes der Lausitzer regenerative Energien Aktiengesellschaft bezeichneten, ausgewiesenen und\/oder benutzten und ggf. von Dritten bzw. zu Gunsten Dritter rechtlich gesch\u00fctzten Marken- und Warenzeichen unterliegen explizit und zur G\u00e4nze den Bestimmungen des jeweils g\u00fcltigen Kennzeichenrechts und den Besitz- und sonstigen Rechten der jeweils insoweit eingetragenen rechtlichen Eigent\u00fcmer. F\u00fcr den Fall etwa, es sollte lediglich zur blo\u00dfen Auszeichnung bzw. Nennung eines Markenzeichens kommen, gilt es ausdr\u00fccklich nicht den R\u00fcckschluss zu ziehen, dass das\/die gegenst\u00e4ndliche(n) Markenzeichen nicht durch Rechte Dritter gesch\u00fctzt ist\/w\u00e4ren! Das Copyright f\u00fcr von der Lausitzer regenerative Energien Aktiengesellschaft selbst erstellte und ver\u00f6ffentlichte Grafiken, Tondokumente, Videosequenzen, Texte respektive Objekte,<br>(ver-)bleibt allein und uneingeschr\u00e4nkt bei eben der Lausitzer regenerative Energien Aktiengesellschaft. Die Vervielf\u00e4ltigung oder sonstige Verwendung solcher Grafiken, Tondokumente, Videosequenzen und Texte, beispielweise in anderen elektronischen oder drucktechnischen Publikationen, ist ausnahmslos ohne die ausdr\u00fcckliche vorherige schriftliche Zustimmung der Lausitzer regenerative Energien Aktiengesellschaft grunds\u00e4tzlich nicht gestattet.<\/p>\n\n\n\n<p>Auf die Nutzung von Services sowie auf diese Nutzungsbedingungen findet deutsches Recht mit Ausnahme seiner kollisionsrechtlichen Bestimmungen Anwendung.<\/p>\n\n\n\n<p>Auf ein Gendering wurde bzw. wird, insbesondere der besseren Lesbarkeit wegen, auf unseren Internetseiten verzichtet. Es sei jedoch ausdr\u00fccklich angemerkt, dass selbstverst\u00e4ndlich stets weibliche und m\u00e4nnliche Personen angesprochen sind.<\/p>\n\n\n\n<p>Diese Homepage und alle ihre (Unter-)Seiten verwendet\/verwenden Bildmaterial, das dem Copyright seines Urhebers respektive Eigent\u00fcmers unterliegt: \u00a9Adobe Systems Software Ireland Limited, 4-6 Riverwalk, Citywest Business Campus, Dublin 24, Republic of Ireland\/<\/p>\n\n\n\n<p>(\u00a9John Smith, \u00a9Dominik Rue\u00df, \u00a9TimSiegert- batcam, \u00a9DragonImages) <\/p>\n\n\n\n<p>\u00a9Coloures-Pic \u201cLegal Compliance \/ Cogwheel\u201d<\/p>\n\n\n\n<p><\/p>\n","protected":false},"excerpt":{"rendered":"<p>Disclaimer &amp; Nutzungsbedingungen Alle Informationen, die Sie auf den zu dieser Homepage geh\u00f6renden Webseiten vorfinden, wurden von der Lausitzer regenerative Energien Aktiengesellschaft sorgf\u00e4ltig zusammengestellt und verstehen sich ausdr\u00fccklich als unverbindlich. In Hinblick auf etwaige Ergebnisse, die durch die Nutzung dieser Informationen erzielt werden k\u00f6nnen, insbesondere in Bezug auf die Richtigkeit, Aktualit\u00e4t und Vollst\u00e4ndigkeit aber auch&#8230;<\/p>\n","protected":false},"author":1,"featured_media":0,"parent":0,"menu_order":0,"comment_status":"closed","ping_status":"closed","template":"","meta":[],"_links":{"self":[{"href":"https:\/\/laurag.de\/startseite\/wp-json\/wp\/v2\/pages\/183"}],"collection":[{"href":"https:\/\/laurag.de\/startseite\/wp-json\/wp\/v2\/pages"}],"about":[{"href":"https:\/\/laurag.de\/startseite\/wp-json\/wp\/v2\/types\/page"}],"author":[{"embeddable":true,"href":"https:\/\/laurag.de\/startseite\/wp-json\/wp\/v2\/users\/1"}],"replies":[{"embeddable":true,"href":"https:\/\/laurag.de\/startseite\/wp-json\/wp\/v2\/comments?post=183"}],"version-history":[{"count":6,"href":"https:\/\/laurag.de\/startseite\/wp-json\/wp\/v2\/pages\/183\/revisions"}],"predecessor-version":[{"id":361,"href":"https:\/\/laurag.de\/startseite\/wp-json\/wp\/v2\/pages\/183\/revisions\/361"}],"wp:attachment":[{"href":"https:\/\/laurag.de\/startseite\/wp-json\/wp\/v2\/media?parent=183"}],"curies":[{"name":"wp","href":"https:\/\/api.w.org\/{rel}","templated":true}]}}